{"id":7892,"date":"2024-12-12T18:37:15","date_gmt":"2024-12-12T18:37:15","guid":{"rendered":"https:\/\/garson-law.co.il\/?page_id=7892"},"modified":"2025-01-14T12:14:07","modified_gmt":"2025-01-14T12:14:07","slug":"le-testament-international","status":"publish","type":"page","link":"https:\/\/garson-law.co.il\/fr\/front-page\/le-testament-international\/","title":{"rendered":"Le Testament International"},"content":{"rendered":"<div class=\"wpb-content-wrapper\"><p>[vc_row][vc_column width=&#8221;1\/4&#8243;][vc_empty_space][\/vc_column][vc_column width=&#8221;1\/2&#8243;][vc_empty_space][vc_empty_space][vc_empty_space][vc_empty_space][vc_column_text css=&#8221;&#8221;]<\/p>\n<h2 style=\"text-align: center; font-family: 'Oswald', sans-serif; font-weight: 400; font-size: 2.2em; line-height: 1.43; margin: 0 0 0 0; letter-spacing: 0;\">Le Testament International<\/h2>\n<h2 style=\"text-align: center;\"><\/h2>\n<p>[\/vc_column_text][vc_single_image image=&#8221;7757&#8243; img_size=&#8221;900&#215;300&#8243; alignment=&#8221;center&#8221; css=&#8221;&#8221;][\/vc_column][vc_column width=&#8221;1\/4&#8243;][\/vc_column][\/vc_row][vc_section][vc_row][vc_column width=&#8221;1\/4&#8243;][vc_empty_space][\/vc_column][vc_column width=&#8221;1\/2&#8243;][vc_column_text css=&#8221;&#8221;]<span style=\"font-weight: 400;\">R\u00e9diger un testament international est une d\u00e9marche essentielle pour les individus poss\u00e9dant des biens ou des int\u00e9r\u00eats dans plusieurs pays. Cette pratique permet d\u2019assurer que leurs volont\u00e9s seront respect\u00e9es apr\u00e8s leur d\u00e9c\u00e8s, malgr\u00e9 la complexit\u00e9 juridique que repr\u00e9sente la gestion de biens r\u00e9partis \u00e0 travers diff\u00e9rentes juridictions.<\/span><\/p>\n<h3><span style=\"font-weight: 400;\">Enjeux Juridiques du Testament International<\/span><\/h3>\n<p><span style=\"font-weight: 400;\">Les testaments internationaux posent plusieurs questions juridiques fondamentales :<\/span><\/p>\n<ol>\n<li><span style=\"font-weight: 400;\">Validit\u00e9 du Testament: La validit\u00e9 d\u2019un testament international d\u00e9pend de son respect des lois de chaque juridiction o\u00f9 les biens sont situ\u00e9s. Il est crucial que le testament soit r\u00e9dig\u00e9 conform\u00e9ment aux exigences l\u00e9gales de chaque pays concern\u00e9 pour \u00e9viter toute contestation.<\/span><\/li>\n<\/ol>\n<ol start=\"2\">\n<li><span style=\"font-weight: 400;\">Conflit de Lois : Les r\u00e8gles de succession varient consid\u00e9rablement d\u2019un pays \u00e0 l\u2019autre. Certains pays appliquent la loi du lieu de r\u00e9sidence du d\u00e9funt, tandis que d\u2019autres se basent sur la nationalit\u00e9 ou le lieu de situation des biens. Le r\u00e8glement europ\u00e9en sur les successions, par exemple, permet aux individus de choisir la loi nationale qui r\u00e9gira leur succession.<\/span><\/li>\n<\/ol>\n<ol start=\"3\">\n<li><span style=\"font-weight: 400;\">Reconnaissance et Ex\u00e9cution : Un testament r\u00e9dig\u00e9 dans un pays doit \u00eatre reconnu et ex\u00e9cut\u00e9 dans un autre. Cela peut impliquer des proc\u00e9dures juridiques complexes, y compris la traduction officielle des documents et leur authentification.<\/span><\/li>\n<\/ol>\n<h3><span style=\"font-weight: 400;\">Probl\u00e9matiques Pratiques<\/span><\/h3>\n<p><span style=\"font-weight: 400;\">Outre les enjeux juridiques, les testaments internationaux soul\u00e8vent des probl\u00e9matiques pratiques :<\/span><\/p>\n<ol>\n<li><span style=\"font-weight: 400;\">Langue du Testament: Pour \u00eatre valide, un testament doit souvent \u00eatre r\u00e9dig\u00e9 ou traduit dans la langue officielle du pays o\u00f9 il sera ex\u00e9cut\u00e9. Cela n\u00e9cessite une traduction juridique pr\u00e9cise pour \u00e9viter les malentendus ou les erreurs d\u2019interpr\u00e9tation.<\/span><\/li>\n<\/ol>\n<ol start=\"2\">\n<li><span style=\"font-weight: 400;\">Coordination entre Juridictions : La gestion d\u2019un testament international peut impliquer la coordination de proc\u00e9dures judiciaires dans plusieurs pays. Cela demande une connaissance approfondie des syst\u00e8mes juridiques et une capacit\u00e9 \u00e0 naviguer efficacement entre eux.<\/span><\/li>\n<\/ol>\n<ol start=\"3\">\n<li><span style=\"font-weight: 400;\">Pr\u00e9vention des Conflits : La r\u00e9daction d\u2019un testament international doit anticiper les conflits potentiels entre h\u00e9ritiers. Une planification soigneuse et une communication claire des volont\u00e9s du testateur peuvent aider \u00e0 pr\u00e9venir des litiges futurs.<\/span><\/li>\n<\/ol>\n<h3><span style=\"font-weight: 400;\">Nos Services<\/span><\/h3>\n<p><span style=\"font-weight: 400;\">Notre cabinet, fort de son expertise en droit international et en contentieux, accompagne ses clients dans la r\u00e9daction de testaments internationaux. Nous veillons \u00e0 ce que le testament respecte les exigences l\u00e9gales de toutes les juridictions concern\u00e9es, garantissant ainsi sa validit\u00e9 et son ex\u00e9cution. Gr\u00e2ce \u00e0 notre \u00e9quipe multilingue et \u00e0 notre exp\u00e9rience en gestion des successions transfrontali\u00e8res, nous assurons une coordination fluide et efficace des d\u00e9marches n\u00e9cessaires. Contactez-nous pour un accompagnement professionnel et personnalis\u00e9 dans la r\u00e9daction de votre testament international.<\/span>[\/vc_column_text]\n<div class=\"wpcf7 no-js\" id=\"wpcf7-f3128-o1\" lang=\"fr-FR\" dir=\"ltr\" data-wpcf7-id=\"3128\">\n<div class=\"screen-reader-response\"><p role=\"status\" aria-live=\"polite\" aria-atomic=\"true\"><\/p> <ul><\/ul><\/div>\n<form action=\"\/fr\/wp-json\/wp\/v2\/pages\/7892#wpcf7-f3128-o1\" method=\"post\" class=\"wpcf7-form init\" aria-label=\"Contact form\" novalidate=\"novalidate\" data-status=\"init\">\n<fieldset class=\"hidden-fields-container\"><input type=\"hidden\" name=\"_wpcf7\" value=\"3128\" \/><input type=\"hidden\" name=\"_wpcf7_version\" value=\"6.1.5\" \/><input type=\"hidden\" name=\"_wpcf7_locale\" value=\"fr_FR\" \/><input type=\"hidden\" name=\"_wpcf7_unit_tag\" value=\"wpcf7-f3128-o1\" \/><input type=\"hidden\" name=\"_wpcf7_container_post\" value=\"0\" \/><input type=\"hidden\" name=\"_wpcf7_posted_data_hash\" value=\"\" \/><input type=\"hidden\" name=\"_wpcf7_recaptcha_response\" value=\"\" \/>\n<\/fieldset>\n<div class=\"row-base row\">\n\t<div class=\"col-address col-base col-md-4\">\n\t\t<p>\n\t\t\t<font color=\"#FFFFFF\"> Tel Aviv\n\t\t\t<\/font>\n\t\t<\/p>\n\t\t<p style=\"font-size: 16px;\">HaArba'a St 28, Tours HaArba'a, 34e \u00e9tage.\n\t\t<\/p>\n\t\t<p>\n\t\t\t<font color=\"#FFFFFF\">J\u00e9rusalem\n\t\t\t<\/font>\n\t\t<\/p>\n\t\t<p style=\"font-size: 16px;\">10 Yad Harutsim St, G1 Business Center, 4\u00e8me\u00a0\u00e9tage\n\t\t<\/p>\n\t\t<p style=\"font-size: 16px;\">Tel 02-651-5363\n\t\t\t<font color=\"#FFFFFF\">|\n\t\t\t<\/font> Mobile 052-616-1407\n\t\t<\/p>\n\t\t<p style=\"font-size: 16px;\">Mail : office@garson-law.co.il\n\t\t<\/p>\n\t<\/div>\n\t<div class=\"col-base col-md-8\">\n\t\t<div class=\"js-ajax-form\" novalidate=\"novalidate\">\n\t\t\t<div class=\"row-field row\">\n\t\t\t\t<div class=\"col-field col-sm-6 col-md-4\">\n\t\t\t\t\t<div class=\"form-group\">\n\t\t\t\t\t\t<p><span class=\"wpcf7-form-control-wrap\" data-name=\"your-name\"><input size=\"40\" maxlength=\"400\" class=\"wpcf7-form-control wpcf7-text form-control\" id=\"your-name\" aria-invalid=\"false\" placeholder=\"Nom complet\" value=\"\" type=\"text\" name=\"your-name\" \/><\/span>\n\t\t\t\t\t\t<\/p>\n\t\t\t\t\t<\/div>\n\t\t\t\t\t<div class=\"form-group\">\n\t\t\t\t\t\t<p><span class=\"wpcf7-form-control-wrap\" data-name=\"your-email\"><input size=\"40\" maxlength=\"400\" class=\"wpcf7-form-control wpcf7-email wpcf7-text wpcf7-validates-as-email form-control\" id=\"your-email\" aria-invalid=\"false\" placeholder=\"Email\" value=\"\" type=\"email\" name=\"your-email\" \/><\/span>\n\t\t\t\t\t\t<\/p>\n\t\t\t\t\t<\/div>\n\t\t\t\t<\/div>\n\t\t\t\t<div class=\"col-field col-sm-6 col-md-4\">\n\t\t\t\t\t<div class=\"form-group\">\n\t\t\t\t\t\t<p><span class=\"wpcf7-form-control-wrap\" data-name=\"your-phone\"><input size=\"40\" maxlength=\"400\" class=\"wpcf7-form-control wpcf7-tel wpcf7-text wpcf7-validates-as-tel form-control\" id=\"your-phone\" aria-invalid=\"false\" placeholder=\"T\u00e9l\u00e9phone\" value=\"\" type=\"tel\" name=\"your-phone\" \/><\/span>\n\t\t\t\t\t\t<\/p>\n\t\t\t\t\t<\/div>\n\t\t\t\t\t<div class=\"form-group\">\n\t\t\t\t\t\t<p><span class=\"wpcf7-form-control-wrap\" data-name=\"your-company\"><input size=\"40\" maxlength=\"400\" class=\"wpcf7-form-control wpcf7-text form-control\" id=\"your-company\" aria-invalid=\"false\" placeholder=\"Soci\u00e9t\u00e9\" value=\"\" type=\"text\" name=\"your-company\" \/><\/span>\n\t\t\t\t\t\t<\/p>\n\t\t\t\t\t<\/div>\n\t\t\t\t<\/div>\n\t\t\t\t<div class=\"col-field col-sm-12 col-md-4\">\n\t\t\t\t\t<div class=\"form-group\">\n\t\t\t\t\t\t<p><span class=\"wpcf7-form-control-wrap\" data-name=\"your-message\"><textarea cols=\"40\" rows=\"10\" maxlength=\"2000\" class=\"wpcf7-form-control wpcf7-textarea\" id=\"your-message\" aria-invalid=\"false\" placeholder=\"Message\" name=\"your-message\"><\/textarea><\/span>\n\t\t\t\t\t\t<\/p>\n\t\t\t\t\t<\/div>\n\t\t\t\t<\/div>\n\t\t\t<\/div>\n\t\t\t<div class=\"form-submit text-right\">\n\t\t\t\t<p><input class=\"wpcf7-form-control wpcf7-submit has-spinner btn btn-shadow-2 wow swing\" id=\"send\" type=\"submit\" value=\"Envoyer\" \/>\n\t\t\t\t<\/p>\n\t\t\t<\/div>\n\t\t<\/div>\n\t<\/div>\n<\/div><div class=\"wpcf7-response-output\" aria-hidden=\"true\"><\/div>\n<\/form>\n<\/div>\n[\/vc_column][vc_column width=&#8221;1\/4&#8243;][\/vc_column][\/vc_row][\/vc_section]<\/p>\n<\/div>","protected":false},"excerpt":{"rendered":"<p>[vc_column width=&#8221;1\/2&#8243;][vc_column_text css=&#8221;&#8221;]R\u00e9diger un testament international est une d\u00e9marche essentielle pour les individus poss\u00e9dant des biens ou des int\u00e9r\u00eats dans plusieurs pays. Cette pratique permet d\u2019assurer que leurs volont\u00e9s seront respect\u00e9es apr\u00e8s leur d\u00e9c\u00e8s, malgr\u00e9 la complexit\u00e9 juridique que repr\u00e9sente la gestion [&hellip;]<\/p>\n","protected":false},"author":1,"featured_media":0,"parent":701,"menu_order":0,"comment_status":"closed","ping_status":"closed","template":"template-page-builder.php","meta":{"om_disable_all_campaigns":false,"_monsterinsights_skip_tracking":false,"_monsterinsights_sitenote_active":false,"_monsterinsights_sitenote_note":"","_monsterinsights_sitenote_category":0,"_glsr_average":0,"_glsr_ranking":0,"_glsr_reviews":0,"footnotes":""},"class_list":["post-7892","page","type-page","status-publish","hentry"],"aioseo_notices":[],"_links":{"self":[{"href":"https:\/\/garson-law.co.il\/fr\/wp-json\/wp\/v2\/pages\/7892","targetHints":{"allow":["GET"]}}],"collection":[{"href":"https:\/\/garson-law.co.il\/fr\/wp-json\/wp\/v2\/pages"}],"about":[{"href":"https:\/\/garson-law.co.il\/fr\/wp-json\/wp\/v2\/types\/page"}],"author":[{"embeddable":true,"href":"https:\/\/garson-law.co.il\/fr\/wp-json\/wp\/v2\/users\/1"}],"replies":[{"embeddable":true,"href":"https:\/\/garson-law.co.il\/fr\/wp-json\/wp\/v2\/comments?post=7892"}],"version-history":[{"count":4,"href":"https:\/\/garson-law.co.il\/fr\/wp-json\/wp\/v2\/pages\/7892\/revisions"}],"predecessor-version":[{"id":8018,"href":"https:\/\/garson-law.co.il\/fr\/wp-json\/wp\/v2\/pages\/7892\/revisions\/8018"}],"up":[{"embeddable":true,"href":"https:\/\/garson-law.co.il\/fr\/wp-json\/wp\/v2\/pages\/701"}],"wp:attachment":[{"href":"https:\/\/garson-law.co.il\/fr\/wp-json\/wp\/v2\/media?parent=7892"}],"curies":[{"name":"wp","href":"https:\/\/api.w.org\/{rel}","templated":true}]}}