{"id":7888,"date":"2024-12-12T18:34:38","date_gmt":"2024-12-12T18:34:38","guid":{"rendered":"https:\/\/garson-law.co.il\/?page_id=7888"},"modified":"2025-01-14T12:16:29","modified_gmt":"2025-01-14T12:16:29","slug":"le-contentieux-successoral-international","status":"publish","type":"page","link":"https:\/\/garson-law.co.il\/fr\/front-page\/le-contentieux-successoral-international\/","title":{"rendered":"Le Contentieux Successoral International"},"content":{"rendered":"<div class=\"wpb-content-wrapper\"><p>[vc_row][vc_column width=&#8221;1\/4&#8243;][vc_empty_space][\/vc_column][vc_column width=&#8221;1\/2&#8243;][vc_empty_space][vc_empty_space][vc_empty_space][vc_empty_space][vc_column_text css=&#8221;&#8221;]<\/p>\n<h2 style=\"text-align: center; font-family: 'Oswald', sans-serif; font-weight: 400; font-size: 2.2em; line-height: 1.43; margin: 0 0 0 0; letter-spacing: 0;\">Le Contentieux Successoral International<\/h2>\n<h2 style=\"text-align: center;\"><\/h2>\n<p>[\/vc_column_text][vc_single_image image=&#8221;7757&#8243; img_size=&#8221;900&#215;300&#8243; alignment=&#8221;center&#8221; css=&#8221;&#8221;][\/vc_column][vc_column width=&#8221;1\/4&#8243;][\/vc_column][\/vc_row][vc_section][vc_row][vc_column width=&#8221;1\/4&#8243;][vc_empty_space][\/vc_column][vc_column width=&#8221;1\/2&#8243;][vc_column_text css=&#8221;&#8221;]<\/p>\n<p dir=\"ltr\">Le contentieux successoral international repr\u00e9sente une facette complexe du droit des successions, n\u00e9cessitant une expertise particuli\u00e8re en raison de l\u2019implication de plusieurs juridictions et syst\u00e8mes juridiques. Lorsque des biens sont situ\u00e9s dans diff\u00e9rents pays ou que les h\u00e9ritiers r\u00e9sident \u00e0 l\u2019\u00e9tranger, les d\u00e9fis juridiques et pratiques se multiplient.<\/p>\n<h3 dir=\"ltr\">Enjeux Juridiques<\/h3>\n<h4 dir=\"ltr\">D\u00e9termination de la juridiction comp\u00e9tente<\/h4>\n<p dir=\"ltr\">Le premier d\u00e9fi consiste \u00e0 d\u00e9terminer quelle juridiction est comp\u00e9tente pour traiter la succession. Les lois varient consid\u00e9rablement d\u2019un pays \u00e0 l\u2019autre, et certains pays appliquent le principe de la lex domicilii (la loi du domicile du d\u00e9funt), tandis que d\u2019autres appliquent la lex rei sitae (la loi du lieu o\u00f9 se trouvent les biens). La r\u00e9glementation europ\u00e9enne, notamment le R\u00e8glement (UE) n\u00b0 650\/2012, vise \u00e0 harmoniser ces r\u00e8gles, mais des conflits de lois subsistent.<\/p>\n<h4 dir=\"ltr\">Droit applicable<\/h4>\n<p dir=\"ltr\">Une fois la juridiction d\u00e9termin\u00e9e, la question du droit applicable se pose. Il peut y avoir des divergences significatives entre les lois nationales en mati\u00e8re de succession, par exemple concernant les droits des h\u00e9ritiers r\u00e9servataires, la part successorale du conjoint survivant, ou encore les r\u00e8gles de validit\u00e9 des testaments. Dans certains cas, des conflits de lois peuvent survenir, n\u00e9cessitant une analyse approfondie et une application strat\u00e9gique du droit international priv\u00e9.<\/p>\n<h4 dir=\"ltr\">Reconnaissance et ex\u00e9cution des jugements \u00e9trangers<\/h4>\n<p dir=\"ltr\">Un autre enjeu majeur est la reconnaissance et l\u2019ex\u00e9cution des jugements \u00e9trangers en mati\u00e8re successorale. Les d\u00e9cisions rendues dans un pays ne sont pas automatiquement reconnues et ex\u00e9cut\u00e9es dans un autre. Des proc\u00e9dures sp\u00e9cifiques, souvent longues et co\u00fbteuses, doivent \u00eatre suivies pour obtenir cette reconnaissance, ce qui peut retarder la distribution des biens aux h\u00e9ritiers.<\/p>\n<h3 dir=\"ltr\">Enjeux Pratiques<\/h3>\n<h4 dir=\"ltr\">Localisation et \u00e9valuation des biens<\/h4>\n<p dir=\"ltr\">La localisation et l\u2019\u00e9valuation des biens situ\u00e9s \u00e0 l\u2019\u00e9tranger peuvent s\u2019av\u00e9rer complexes. Chaque pays a ses propres proc\u00e9dures d\u2019\u00e9valuation et de transfert de propri\u00e9t\u00e9, ce qui n\u00e9cessite une coordination efficace entre les avocats, notaires, et autres professionnels impliqu\u00e9s dans les diff\u00e9rents pays.<\/p>\n<h4 dir=\"ltr\">Communication et documentation multilingues<\/h4>\n<p dir=\"ltr\">La gestion de documents juridiques et administratifs dans plusieurs langues est une autre difficult\u00e9 pratique. La traduction pr\u00e9cise de ces documents est cruciale pour \u00e9viter les malentendus et assurer le respect des exigences l\u00e9gales de chaque juridiction.<\/p>\n<h4 dir=\"ltr\">Co\u00fbts et d\u00e9lais<\/h4>\n<p dir=\"ltr\">Les proc\u00e9dures de contentieux successoral international peuvent \u00eatre longues et co\u00fbteuses. Les honoraires d\u2019avocats, les frais de traduction, les co\u00fbts de d\u00e9placement et les frais judiciaires peuvent rapidement s\u2019accumuler, rendant la gestion financi\u00e8re de la succession plus difficile pour les h\u00e9ritiers.<\/p>\n<h4 dir=\"ltr\">Notre Expertise \u00e0 Votre Service<\/h4>\n<p dir=\"ltr\">Fort de notre exp\u00e9rience en contentieux successoral international, notre cabinet vous accompagne dans chaque \u00e9tape de la proc\u00e9dure, de la d\u00e9termination de la juridiction comp\u00e9tente \u00e0 la reconnaissance des jugements \u00e9trangers. Nous assurons une gestion fluide et efficace de votre dossier, garantissant ainsi une repr\u00e9sentation optimale de vos int\u00e9r\u00eats et une r\u00e9solution rapide de vos litiges. Contactez-nous pour en savoir plus sur la mani\u00e8re dont nous pouvons vous assister.<\/p>\n<p>[\/vc_column_text]\n<div class=\"wpcf7 no-js\" id=\"wpcf7-f3128-o1\" lang=\"fr-FR\" dir=\"ltr\" data-wpcf7-id=\"3128\">\n<div class=\"screen-reader-response\"><p role=\"status\" aria-live=\"polite\" aria-atomic=\"true\"><\/p> <ul><\/ul><\/div>\n<form action=\"\/fr\/wp-json\/wp\/v2\/pages\/7888#wpcf7-f3128-o1\" method=\"post\" class=\"wpcf7-form init\" aria-label=\"Contact form\" novalidate=\"novalidate\" data-status=\"init\">\n<fieldset class=\"hidden-fields-container\"><input type=\"hidden\" name=\"_wpcf7\" value=\"3128\" \/><input type=\"hidden\" name=\"_wpcf7_version\" value=\"6.1.5\" \/><input type=\"hidden\" name=\"_wpcf7_locale\" value=\"fr_FR\" \/><input type=\"hidden\" name=\"_wpcf7_unit_tag\" value=\"wpcf7-f3128-o1\" \/><input type=\"hidden\" name=\"_wpcf7_container_post\" value=\"0\" \/><input type=\"hidden\" name=\"_wpcf7_posted_data_hash\" value=\"\" \/><input type=\"hidden\" name=\"_wpcf7_recaptcha_response\" value=\"\" \/>\n<\/fieldset>\n<div class=\"row-base row\">\n\t<div class=\"col-address col-base col-md-4\">\n\t\t<p>\n\t\t\t<font color=\"#FFFFFF\"> Tel Aviv\n\t\t\t<\/font>\n\t\t<\/p>\n\t\t<p style=\"font-size: 16px;\">HaArba'a St 28, Tours HaArba'a, 34e \u00e9tage.\n\t\t<\/p>\n\t\t<p>\n\t\t\t<font color=\"#FFFFFF\">J\u00e9rusalem\n\t\t\t<\/font>\n\t\t<\/p>\n\t\t<p style=\"font-size: 16px;\">10 Yad Harutsim St, G1 Business Center, 4\u00e8me\u00a0\u00e9tage\n\t\t<\/p>\n\t\t<p style=\"font-size: 16px;\">Tel 02-651-5363\n\t\t\t<font color=\"#FFFFFF\">|\n\t\t\t<\/font> Mobile 052-616-1407\n\t\t<\/p>\n\t\t<p style=\"font-size: 16px;\">Mail : office@garson-law.co.il\n\t\t<\/p>\n\t<\/div>\n\t<div class=\"col-base col-md-8\">\n\t\t<div class=\"js-ajax-form\" novalidate=\"novalidate\">\n\t\t\t<div class=\"row-field row\">\n\t\t\t\t<div class=\"col-field col-sm-6 col-md-4\">\n\t\t\t\t\t<div class=\"form-group\">\n\t\t\t\t\t\t<p><span class=\"wpcf7-form-control-wrap\" data-name=\"your-name\"><input size=\"40\" maxlength=\"400\" class=\"wpcf7-form-control wpcf7-text form-control\" id=\"your-name\" aria-invalid=\"false\" placeholder=\"Nom complet\" value=\"\" type=\"text\" name=\"your-name\" \/><\/span>\n\t\t\t\t\t\t<\/p>\n\t\t\t\t\t<\/div>\n\t\t\t\t\t<div class=\"form-group\">\n\t\t\t\t\t\t<p><span class=\"wpcf7-form-control-wrap\" data-name=\"your-email\"><input size=\"40\" maxlength=\"400\" class=\"wpcf7-form-control wpcf7-email wpcf7-text wpcf7-validates-as-email form-control\" id=\"your-email\" aria-invalid=\"false\" placeholder=\"Email\" value=\"\" type=\"email\" name=\"your-email\" \/><\/span>\n\t\t\t\t\t\t<\/p>\n\t\t\t\t\t<\/div>\n\t\t\t\t<\/div>\n\t\t\t\t<div class=\"col-field col-sm-6 col-md-4\">\n\t\t\t\t\t<div class=\"form-group\">\n\t\t\t\t\t\t<p><span class=\"wpcf7-form-control-wrap\" data-name=\"your-phone\"><input size=\"40\" maxlength=\"400\" class=\"wpcf7-form-control wpcf7-tel wpcf7-text wpcf7-validates-as-tel form-control\" id=\"your-phone\" aria-invalid=\"false\" placeholder=\"T\u00e9l\u00e9phone\" value=\"\" type=\"tel\" name=\"your-phone\" \/><\/span>\n\t\t\t\t\t\t<\/p>\n\t\t\t\t\t<\/div>\n\t\t\t\t\t<div class=\"form-group\">\n\t\t\t\t\t\t<p><span class=\"wpcf7-form-control-wrap\" data-name=\"your-company\"><input size=\"40\" maxlength=\"400\" class=\"wpcf7-form-control wpcf7-text form-control\" id=\"your-company\" aria-invalid=\"false\" placeholder=\"Soci\u00e9t\u00e9\" value=\"\" type=\"text\" name=\"your-company\" \/><\/span>\n\t\t\t\t\t\t<\/p>\n\t\t\t\t\t<\/div>\n\t\t\t\t<\/div>\n\t\t\t\t<div class=\"col-field col-sm-12 col-md-4\">\n\t\t\t\t\t<div class=\"form-group\">\n\t\t\t\t\t\t<p><span class=\"wpcf7-form-control-wrap\" data-name=\"your-message\"><textarea cols=\"40\" rows=\"10\" maxlength=\"2000\" class=\"wpcf7-form-control wpcf7-textarea\" id=\"your-message\" aria-invalid=\"false\" placeholder=\"Message\" name=\"your-message\"><\/textarea><\/span>\n\t\t\t\t\t\t<\/p>\n\t\t\t\t\t<\/div>\n\t\t\t\t<\/div>\n\t\t\t<\/div>\n\t\t\t<div class=\"form-submit text-right\">\n\t\t\t\t<p><input class=\"wpcf7-form-control wpcf7-submit has-spinner btn btn-shadow-2 wow swing\" id=\"send\" type=\"submit\" value=\"Envoyer\" \/>\n\t\t\t\t<\/p>\n\t\t\t<\/div>\n\t\t<\/div>\n\t<\/div>\n<\/div><div class=\"wpcf7-response-output\" aria-hidden=\"true\"><\/div>\n<\/form>\n<\/div>\n[\/vc_column][vc_column width=&#8221;1\/4&#8243;][\/vc_column][\/vc_row][\/vc_section]<\/p>\n<\/div>","protected":false},"excerpt":{"rendered":"<p>[vc_column width=&#8221;1\/2&#8243;][vc_column_text css=&#8221;&#8221;] Le contentieux successoral international repr\u00e9sente une facette complexe du droit des successions, n\u00e9cessitant une expertise particuli\u00e8re en raison de l\u2019implication de plusieurs juridictions et syst\u00e8mes juridiques. Lorsque des biens sont situ\u00e9s dans diff\u00e9rents pays ou que les h\u00e9ritiers [&hellip;]<\/p>\n","protected":false},"author":1,"featured_media":0,"parent":701,"menu_order":0,"comment_status":"closed","ping_status":"closed","template":"template-page-builder.php","meta":{"om_disable_all_campaigns":false,"_monsterinsights_skip_tracking":false,"_monsterinsights_sitenote_active":false,"_monsterinsights_sitenote_note":"","_monsterinsights_sitenote_category":0,"_glsr_average":0,"_glsr_ranking":0,"_glsr_reviews":0,"footnotes":""},"class_list":["post-7888","page","type-page","status-publish","hentry"],"aioseo_notices":[],"_links":{"self":[{"href":"https:\/\/garson-law.co.il\/fr\/wp-json\/wp\/v2\/pages\/7888","targetHints":{"allow":["GET"]}}],"collection":[{"href":"https:\/\/garson-law.co.il\/fr\/wp-json\/wp\/v2\/pages"}],"about":[{"href":"https:\/\/garson-law.co.il\/fr\/wp-json\/wp\/v2\/types\/page"}],"author":[{"embeddable":true,"href":"https:\/\/garson-law.co.il\/fr\/wp-json\/wp\/v2\/users\/1"}],"replies":[{"embeddable":true,"href":"https:\/\/garson-law.co.il\/fr\/wp-json\/wp\/v2\/comments?post=7888"}],"version-history":[{"count":4,"href":"https:\/\/garson-law.co.il\/fr\/wp-json\/wp\/v2\/pages\/7888\/revisions"}],"predecessor-version":[{"id":8019,"href":"https:\/\/garson-law.co.il\/fr\/wp-json\/wp\/v2\/pages\/7888\/revisions\/8019"}],"up":[{"embeddable":true,"href":"https:\/\/garson-law.co.il\/fr\/wp-json\/wp\/v2\/pages\/701"}],"wp:attachment":[{"href":"https:\/\/garson-law.co.il\/fr\/wp-json\/wp\/v2\/media?parent=7888"}],"curies":[{"name":"wp","href":"https:\/\/api.w.org\/{rel}","templated":true}]}}