{"id":2629,"date":"2024-03-19T16:34:59","date_gmt":"2024-03-19T16:34:59","guid":{"rendered":"https:\/\/garson-law.co.il\/?page_id=2629"},"modified":"2026-01-21T16:34:07","modified_gmt":"2026-01-21T16:34:07","slug":"quelles-affaire-traitons-nous","status":"publish","type":"page","link":"https:\/\/garson-law.co.il\/fr\/quelles-affaire-traitons-nous\/","title":{"rendered":"Quelles affaire traitons nous ?"},"content":{"rendered":"<div class=\"wpb-content-wrapper\"><p>[vc_row][vc_column][vc_empty_space height=&#8221;82px&#8221;]\n\n    <!-- About  -->\n\n\n    <section             class=\"project-details \">\n        <div class=\"container\">\n                                <div class=\"project-details-item\">\n                        <div class=\"row\">\n                            <div class=\"project-details-info wow fadeInLeft\">\n                                <h3 class=\"project-details-title\">\n\n                                    LE CONTENTIEUX EN ISRAEL                                <\/h3>\n                                <p class=\"project-details-descr\">Forts de notre culture internationale et de notre ma\u00eetrise du syst\u00e8me judiciaire isra\u00e9lien, nous \u200ed\u00e9fendons les int\u00e9r\u00eats de nos clients devant les tribunaux isra\u00e9liens depuis plus de  \u200f10 ans. Nos clients voient en nous leur repr\u00e9sentant de confiance en Israel, capables de les aider \u00e0 r\u00e9soudre des situations conflictuelles complexes.\u200e<\/div>\n                            <div class=\"project-details-img col-md-8 col-md-offset-4\">\n                                <img decoding=\"async\" alt=\"\" class=\"img-responsive\"\n                                     src=\"https:\/\/garson-law.co.il\/wp-content\/uploads\/2024\/03\/WhatsApp-Image-2024-03-19-at-16.07.56-1.jpeg\">\n                            <\/div>\n                        <\/div>\n                    <\/div>\n                                    <div class=\"project-details-item\">\n                        <div class=\"row\">\n                            <div class=\"project-details-info wow fadeInLeft\">\n                                <h3 class=\"project-details-title\">\n\n                                    SUCCESSIONS INTERNATIONALES                                <\/h3>\n                                <p class=\"project-details-descr\">Nous sommes particuli\u00e8rement sp\u00e9cialis\u00e9s en successions (h\u00e9ritages, testament) en Israel, en conseil et contentieux. \u200eCe type de conflit pr\u00e9sente une haute technicit\u00e9 juridique, qui est notre domaine d'expertise. Les enjeux \u200etant humains que financiers justifient souvent de faire appel \u00e0 un sp\u00e9cialiste en la mati\u00e8re. <\/div>\n                            <div class=\"project-details-img col-md-8 col-md-offset-4\">\n                                <img decoding=\"async\" alt=\"\" class=\"img-responsive\"\n                                     src=\"https:\/\/garson-law.co.il\/wp-content\/uploads\/2024\/03\/WhatsApp-Image-2024-03-19-at-16.07.55.jpeg\">\n                            <\/div>\n                        <\/div>\n                    <\/div>\n                                    <div class=\"project-details-item\">\n                        <div class=\"row\">\n                            <div class=\"project-details-info wow fadeInLeft\">\n                                <h3 class=\"project-details-title\">\n\n                                    transmission patrimonial                                <\/h3>\n                                <p class=\"project-details-descr\">A venir<\/div>\n                            <div class=\"project-details-img col-md-8 col-md-offset-4\">\n                                <img decoding=\"async\" alt=\"\" class=\"img-responsive\"\n                                     src=\"https:\/\/garson-law.co.il\/wp-content\/uploads\/2024\/03\/3-1.jpg\">\n                            <\/div>\n                        <\/div>\n                    <\/div>\n                                    <div class=\"project-details-item\">\n                        <div class=\"row\">\n                            <div class=\"project-details-info wow fadeInLeft\">\n                                <h3 class=\"project-details-title\">\n\n                                    A venir                                <\/h3>\n                                <p class=\"project-details-descr\">A venir<\/div>\n                            <div class=\"project-details-img col-md-8 col-md-offset-4\">\n                                <img decoding=\"async\" alt=\"\" class=\"img-responsive\"\n                                     src=\"https:\/\/garson-law.co.il\/wp-content\/uploads\/2024\/03\/WhatsApp-Image-2024-03-19-at-16.07.56.jpeg\">\n                            <\/div>\n                        <\/div>\n                    <\/div>\n                        <\/div>\n    <\/section>\n    [\/vc_column][\/vc_row]<\/p>\n<\/div>","protected":false},"excerpt":{"rendered":"<p>[\/vc_row]<\/p>\n","protected":false},"author":1,"featured_media":0,"parent":0,"menu_order":0,"comment_status":"closed","ping_status":"closed","template":"template-fullwidth.php","meta":{"om_disable_all_campaigns":false,"_monsterinsights_skip_tracking":false,"_monsterinsights_sitenote_active":false,"_monsterinsights_sitenote_note":"","_monsterinsights_sitenote_category":0,"_glsr_average":0,"_glsr_ranking":0,"_glsr_reviews":0,"footnotes":""},"class_list":["post-2629","page","type-page","status-publish","hentry"],"aioseo_notices":[],"_links":{"self":[{"href":"https:\/\/garson-law.co.il\/fr\/wp-json\/wp\/v2\/pages\/2629","targetHints":{"allow":["GET"]}}],"collection":[{"href":"https:\/\/garson-law.co.il\/fr\/wp-json\/wp\/v2\/pages"}],"about":[{"href":"https:\/\/garson-law.co.il\/fr\/wp-json\/wp\/v2\/types\/page"}],"author":[{"embeddable":true,"href":"https:\/\/garson-law.co.il\/fr\/wp-json\/wp\/v2\/users\/1"}],"replies":[{"embeddable":true,"href":"https:\/\/garson-law.co.il\/fr\/wp-json\/wp\/v2\/comments?post=2629"}],"version-history":[{"count":52,"href":"https:\/\/garson-law.co.il\/fr\/wp-json\/wp\/v2\/pages\/2629\/revisions"}],"predecessor-version":[{"id":8714,"href":"https:\/\/garson-law.co.il\/fr\/wp-json\/wp\/v2\/pages\/2629\/revisions\/8714"}],"wp:attachment":[{"href":"https:\/\/garson-law.co.il\/fr\/wp-json\/wp\/v2\/media?parent=2629"}],"curies":[{"name":"wp","href":"https:\/\/api.w.org\/{rel}","templated":true}]}}